{"id":238,"date":"2024-06-04T11:30:57","date_gmt":"2024-06-04T11:30:57","guid":{"rendered":"http:\/\/artistic-coaching.com\/?page_id=238"},"modified":"2024-10-17T17:25:02","modified_gmt":"2024-10-17T17:25:02","slug":"privacypolicy","status":"publish","type":"page","link":"http:\/\/artistic-coaching.com\/de\/privacypolicy\/","title":{"rendered":"Datenschutzerkl\u00e4rung"},"content":{"rendered":"\t\t<div data-elementor-type=\"wp-page\" data-elementor-id=\"238\" class=\"elementor elementor-238\">\n\t\t\t\t<div class=\"elementor-element elementor-element-3e130e9 e-flex e-con-boxed e-con e-parent\" data-id=\"3e130e9\" data-element_type=\"container\">\n\t\t\t\t\t<div class=\"e-con-inner\">\n\t\t<div class=\"elementor-element elementor-element-d05205e e-flex e-con-boxed e-con e-child\" data-id=\"d05205e\" data-element_type=\"container\" data-settings=\"{&quot;background_background&quot;:&quot;classic&quot;}\">\n\t\t\t\t\t<div class=\"e-con-inner\">\n\t\t<div class=\"elementor-element elementor-element-70fd9b0 e-con-full e-flex e-con e-child\" data-id=\"70fd9b0\" data-element_type=\"container\">\n\t\t<div class=\"elementor-element elementor-element-9438171 e-con-full e-flex e-con e-child\" data-id=\"9438171\" data-element_type=\"container\" data-settings=\"{&quot;background_background&quot;:&quot;classic&quot;}\">\n\t\t<div class=\"elementor-element elementor-element-84222d3 e-con-full e-flex e-con e-child\" data-id=\"84222d3\" data-element_type=\"container\">\n\t\t\t\t<div class=\"elementor-element elementor-element-7c42ce0 animated-slow elementor-invisible elementor-widget elementor-widget-heading\" data-id=\"7c42ce0\" data-element_type=\"widget\" data-settings=\"{&quot;_animation&quot;:&quot;fadeIn&quot;}\" data-widget_type=\"heading.default\">\n\t\t\t\t<div class=\"elementor-widget-container\">\n\t\t\t\t\t<h3 class=\"elementor-heading-title elementor-size-default\">INFO<\/h3>\t\t\t\t<\/div>\n\t\t\t\t<\/div>\n\t\t\t\t<div class=\"elementor-element elementor-element-614c0d7 animated-slow elementor-invisible elementor-widget elementor-widget-heading\" data-id=\"614c0d7\" data-element_type=\"widget\" data-settings=\"{&quot;_animation&quot;:&quot;fadeIn&quot;}\" data-widget_type=\"heading.default\">\n\t\t\t\t<div class=\"elementor-widget-container\">\n\t\t\t\t\t<h2 class=\"elementor-heading-title elementor-size-default\">Datenschutzerkl\u00e4rung<\/h2>\t\t\t\t<\/div>\n\t\t\t\t<\/div>\n\t\t<div class=\"elementor-element elementor-element-3af84ee e-flex e-con-boxed e-con e-child\" data-id=\"3af84ee\" data-element_type=\"container\" data-settings=\"{&quot;background_background&quot;:&quot;classic&quot;}\">\n\t\t\t\t\t<div class=\"e-con-inner\">\n\t\t\t\t\t<\/div>\n\t\t\t\t<\/div>\n\t\t\t\t<div class=\"elementor-element elementor-element-185f3d6 elementor-widget elementor-widget-text-editor\" data-id=\"185f3d6\" data-element_type=\"widget\" data-widget_type=\"text-editor.default\">\n\t\t\t\t<div class=\"elementor-widget-container\">\n\t\t\t\t\t\t\t\t\t<div class=\"flex-1 overflow-hidden\"><div class=\"react-scroll-to-bottom--css-uzlhm-79elbk h-full\"><div class=\"react-scroll-to-bottom--css-uzlhm-1n7m0yu\"><div><div class=\"flex flex-col text-sm pb-9\"><div class=\"w-full text-token-text-primary\" dir=\"auto\" data-testid=\"conversation-turn-7\" data-scroll-anchor=\"true\"><div class=\"py-2 juice:py-[18px] px-3 text-base md:px-4 m-auto md:px-5 lg:px-1 xl:px-5\"><div class=\"mx-auto flex flex-1 gap-3 text-base juice:gap-4 juice:md:gap-6 md:max-w-3xl lg:max-w-[40rem] xl:max-w-[48rem]\"><div class=\"group\/conversation-turn relative flex w-full min-w-0 flex-col agent-turn\"><div class=\"flex-col gap-1 md:gap-3\"><div class=\"flex flex-grow flex-col max-w-full\"><div class=\"min-h-[20px] text-message flex flex-col items-start whitespace-pre-wrap break-words [.text-message+&amp;]:mt-5 juice:w-full juice:items-end overflow-x-auto gap-2\" dir=\"auto\" data-message-author-role=\"assistant\" data-message-id=\"00d56693-1f17-4e6c-9f88-6c120517630b\"><div class=\"flex w-full flex-col gap-1 juice:empty:hidden juice:first:pt-[3px]\"><div class=\"markdown prose w-full break-words dark:prose-invert light\"><p><strong>Einleitung und \u00dcberblick<\/strong><\/p><p>Wir haben diese Datenschutzerkl\u00e4rung (Fassung 04.06.2024) verfasst, um Ihnen gem\u00e4\u00df der Vorgaben der Datenschutz-Grundverordnung (EU) 2016\/679 und anwendbarer nationaler Gesetze zu erkl\u00e4ren, welche Informationen wir sammeln, wie wir Daten verwenden und welche Entscheidungsm\u00f6glichkeiten Sie als Besucher dieser Webseite haben.<\/p><p><strong>Hosting<\/strong><\/p><p>Diese Webseite wird bei Strato gehostet. Die Datenschutzerkl\u00e4rung von Strato finden Sie unter: <a target=\"_new\" rel=\"noreferrer\">Strato Datenschutzerkl\u00e4rung<\/a>.<\/p><p><strong>Automatische Datenspeicherung<\/strong><\/p><p>Wenn Sie unsere Webseite besuchen, speichert unser Webserver automatisch Daten wie die IP-Adresse Ihres Ger\u00e4ts, die Adressen der besuchten Unterseiten, Details zu Ihrem Browser (z.B. Chrome, Firefox, Edge) und Datum sowie Uhrzeit. Diese Daten werden nicht an Dritte weitergegeben und dienen ausschlie\u00dflich der Sicherstellung des Betriebs und der Sicherheit der Webseite.<\/p><p><strong>Pers\u00f6nliche Daten<\/strong><\/p><p>Pers\u00f6nliche Daten, die Sie uns \u00fcber unser Kontaktformular mitteilen, wie Ihre E-Mail-Adresse und eventuell weitere pers\u00f6nliche Informationen, werden ausschlie\u00dflich zur Beantwortung Ihrer Anfragen und f\u00fcr die damit verbundene technische Administration verwendet. Diese Daten geben wir nicht ohne Ihre ausdr\u00fcckliche Einwilligung weiter.<\/p><p><strong>Kontaktformular<\/strong><\/p><p>Wenn Sie uns per Kontaktformular Anfragen zukommen lassen, werden Ihre Angaben aus dem Anfrageformular inklusive der von Ihnen dort angegebenen Kontaktdaten zwecks Bearbeitung der Anfrage und f\u00fcr den Fall von Anschlussfragen bei uns gespeichert. Diese Daten geben wir nicht ohne Ihre Einwilligung weiter.<\/p><p><strong>Instagram und Facebook<\/strong><\/p><p>Auf unserer Webseite verlinken wir zu unseren Profilen auf Instagram und Facebook. Bitte beachten Sie, dass beim Besuch dieser Plattformen deren jeweilige Datenschutzbestimmungen gelten. Die entsprechenden Links zu den Datenschutzerkl\u00e4rungen von Instagram und Facebook finden Sie hier:<\/p><ul><li><a href=\"https:\/\/help.instagram.com\/519522125107875\" target=\"_new\" rel=\"noreferrer\">Instagram Datenschutzerkl\u00e4rung<\/a><\/li><li><a href=\"https:\/\/www.facebook.com\/about\/privacy\/\" target=\"_new\" rel=\"noreferrer\">Facebook Datenschutzerkl\u00e4rung<\/a><\/li><\/ul><p><strong>Cookies<\/strong><\/p><p>Unsere Webseite verwendet Cookies. Dabei handelt es sich um kleine Textdateien, die auf Ihrem Endger\u00e4t gespeichert werden. Cookies richten keinen Schaden an. Sie dienen dazu, unser Angebot nutzerfreundlicher, effektiver und sicherer zu machen. Einige Cookies bleiben auf Ihrem Endger\u00e4t gespeichert, bis Sie diese l\u00f6schen. Sie erm\u00f6glichen es uns, Ihren Browser beim n\u00e4chsten Besuch wiederzuerkennen.<\/p><p>Wenn Sie dies nicht w\u00fcnschen, k\u00f6nnen Sie Ihren Browser so einrichten, dass er Sie \u00fcber das Setzen von Cookies informiert und Sie dies nur im Einzelfall erlauben. Bei der Deaktivierung von Cookies kann die Funktionalit\u00e4t unserer Website eingeschr\u00e4nkt sein.<\/p><p><strong>Ihre Rechte<\/strong><\/p><p>Ihnen stehen grunds\u00e4tzlich die Rechte auf Auskunft, Berichtigung, L\u00f6schung, Einschr\u00e4nkung, Daten\u00fcbertragbarkeit, Widerruf und Widerspruch zu. Wenn Sie glauben, dass die Verarbeitung Ihrer Daten gegen das Datenschutzrecht verst\u00f6\u00dft oder Ihre datenschutzrechtlichen Anspr\u00fcche sonst in einer Weise verletzt worden sind, k\u00f6nnen Sie sich bei der Aufsichtsbeh\u00f6rde beschweren.<\/p><p><strong>Kontakt<\/strong><\/p><p>Wenn Sie Fragen zum Datenschutz haben, schreiben Sie uns bitte eine E-Mail oder wenden Sie sich direkt an uns:<\/p><p>Mona Steinh\u00e4u\u00dfer<br \/>mona.maria.st@googlemail.com<\/p><p>+49 15204395782<\/p><\/div><p>\u00a0<\/p><div class=\"markdown prose w-full break-words dark:prose-invert light\"><hr \/><\/div><\/div><\/div><\/div><\/div><\/div><\/div><\/div><\/div><\/div><\/div><\/div><\/div><\/div>\t\t\t\t\t\t\t\t<\/div>\n\t\t\t\t<\/div>\n\t\t\t\t<\/div>\n\t\t\t\t<\/div>\n\t\t\t\t<\/div>\n\t\t\t\t\t<\/div>\n\t\t\t\t<\/div>\n\t\t\t\t\t<\/div>\n\t\t\t\t<\/div>\n\t\t\t\t<\/div>\n\t\t","protected":false},"excerpt":{"rendered":"<p>INFO Datenschutzerkl\u00e4rung Einleitung und \u00dcberblick Wir haben diese Datenschutzerkl\u00e4rung (Fassung 04.06.2024) verfasst, um Ihnen gem\u00e4\u00df der Vorgaben der Datenschutz-Grundverordnung (EU) 2016\/679 und anwendbarer nationaler Gesetze zu erkl\u00e4ren, welche Informationen wir sammeln, wie wir Daten verwenden und welche Entscheidungsm\u00f6glichkeiten Sie als Besucher dieser Webseite haben. Hosting Diese Webseite wird bei Strato gehostet. Die Datenschutzerkl\u00e4rung von Strato [&hellip;]<\/p>\n","protected":false},"author":1,"featured_media":0,"parent":0,"menu_order":0,"comment_status":"closed","ping_status":"closed","template":"","meta":{"ocean_post_layout":"full-screen","ocean_both_sidebars_style":"","ocean_both_sidebars_content_width":0,"ocean_both_sidebars_sidebars_width":0,"ocean_sidebar":"","ocean_second_sidebar":"","ocean_disable_margins":"enable","ocean_add_body_class":"","ocean_shortcode_before_top_bar":"","ocean_shortcode_after_top_bar":"","ocean_shortcode_before_header":"","ocean_shortcode_after_header":"","ocean_has_shortcode":"","ocean_shortcode_after_title":"","ocean_shortcode_before_footer_widgets":"","ocean_shortcode_after_footer_widgets":"","ocean_shortcode_before_footer_bottom":"","ocean_shortcode_after_footer_bottom":"","ocean_display_top_bar":"off","ocean_display_header":"default","ocean_header_style":"","ocean_center_header_left_menu":"","ocean_custom_header_template":"","ocean_custom_logo":0,"ocean_custom_retina_logo":0,"ocean_custom_logo_max_width":0,"ocean_custom_logo_tablet_max_width":0,"ocean_custom_logo_mobile_max_width":0,"ocean_custom_logo_max_height":0,"ocean_custom_logo_tablet_max_height":0,"ocean_custom_logo_mobile_max_height":0,"ocean_header_custom_menu":"","ocean_menu_typo_font_family":"","ocean_menu_typo_font_subset":"","ocean_menu_typo_font_size":0,"ocean_menu_typo_font_size_tablet":0,"ocean_menu_typo_font_size_mobile":0,"ocean_menu_typo_font_size_unit":"px","ocean_menu_typo_font_weight":"","ocean_menu_typo_font_weight_tablet":"","ocean_menu_typo_font_weight_mobile":"","ocean_menu_typo_transform":"","ocean_menu_typo_transform_tablet":"","ocean_menu_typo_transform_mobile":"","ocean_menu_typo_line_height":0,"ocean_menu_typo_line_height_tablet":0,"ocean_menu_typo_line_height_mobile":0,"ocean_menu_typo_line_height_unit":"","ocean_menu_typo_spacing":0,"ocean_menu_typo_spacing_tablet":0,"ocean_menu_typo_spacing_mobile":0,"ocean_menu_typo_spacing_unit":"","ocean_menu_link_color":"","ocean_menu_link_color_hover":"","ocean_menu_link_color_active":"","ocean_menu_link_background":"","ocean_menu_link_hover_background":"","ocean_menu_link_active_background":"","ocean_menu_social_links_bg":"","ocean_menu_social_hover_links_bg":"","ocean_menu_social_links_color":"","ocean_menu_social_hover_links_color":"","ocean_disable_title":"on","ocean_disable_heading":"default","ocean_post_title":"","ocean_post_subheading":"","ocean_post_title_style":"","ocean_post_title_background_color":"","ocean_post_title_background":0,"ocean_post_title_bg_image_position":"","ocean_post_title_bg_image_attachment":"","ocean_post_title_bg_image_repeat":"","ocean_post_title_bg_image_size":"","ocean_post_title_height":0,"ocean_post_title_bg_overlay":0.5,"ocean_post_title_bg_overlay_color":"","ocean_disable_breadcrumbs":"default","ocean_breadcrumbs_color":"","ocean_breadcrumbs_separator_color":"","ocean_breadcrumbs_links_color":"","ocean_breadcrumbs_links_hover_color":"","ocean_display_footer_widgets":"off","ocean_display_footer_bottom":"off","ocean_custom_footer_template":"","footnotes":""},"_links":{"self":[{"href":"http:\/\/artistic-coaching.com\/de\/wp-json\/wp\/v2\/pages\/238"}],"collection":[{"href":"http:\/\/artistic-coaching.com\/de\/wp-json\/wp\/v2\/pages"}],"about":[{"href":"http:\/\/artistic-coaching.com\/de\/wp-json\/wp\/v2\/types\/page"}],"author":[{"embeddable":true,"href":"http:\/\/artistic-coaching.com\/de\/wp-json\/wp\/v2\/users\/1"}],"replies":[{"embeddable":true,"href":"http:\/\/artistic-coaching.com\/de\/wp-json\/wp\/v2\/comments?post=238"}],"version-history":[{"count":14,"href":"http:\/\/artistic-coaching.com\/de\/wp-json\/wp\/v2\/pages\/238\/revisions"}],"predecessor-version":[{"id":583,"href":"http:\/\/artistic-coaching.com\/de\/wp-json\/wp\/v2\/pages\/238\/revisions\/583"}],"wp:attachment":[{"href":"http:\/\/artistic-coaching.com\/de\/wp-json\/wp\/v2\/media?parent=238"}],"curies":[{"name":"wp","href":"https:\/\/api.w.org\/{rel}","templated":true}]}}